{"id":267,"date":"2017-06-21T08:08:52","date_gmt":"2017-06-21T08:08:52","guid":{"rendered":"http:\/\/dummy.xtemos.com\/woodmart-elementor\/?page_id=267"},"modified":"2022-08-20T16:49:35","modified_gmt":"2022-08-20T13:49:35","slug":"%d0%bb%d1%8e%d0%b1%d0%b8%d0%bc%d0%b8%d1%82%d0%b5-%d0%bc%d0%b8","status":"publish","type":"page","link":"https:\/\/www.vugizza.com.tr\/bg\/%d0%bb%d1%8e%d0%b1%d0%b8%d0%bc%d0%b8%d1%82%d0%b5-%d0%bc%d0%b8\/","title":{"rendered":"\u041b\u044e\u0431\u0438\u043c\u0438\u0442\u0435 \u043c\u0438"},"content":{"rendered":"\t\t\n\t\t\n\t\t<div class=\"\">\n\t\t\t\t\t\t<div class=\"wd-wishlist-content\">\n\t\t\t\t\t\t\t\t\t<p class=\"wd-empty-wishlist wd-empty-page\">\n\t\t\t\t\t\t\u0412\u0430\u0448\u0438\u044f\u0442 \u043b\u044e\u0431\u0438\u043c\u0438 \u043b\u0438\u0441\u0442 \u0435 \u043f\u0440\u0430\u0437\u0435\u043d .\t\t\t\t\t<\/p>\n\n\t\t\t\t\t\t\t\t\t\t\t<div class=\"wd-empty-page-text\">\n\t\t\t\t\t\t\t\u0130stek listenizde hen\u00fcz \u00fcr\u00fcn yok. <br> \"Ma\u011faza\" sayfam\u0131zda bir\u00e7ok ilgin\u00e7 \u00fcr\u00fcn bulacaks\u0131n\u0131z.\t\t\t\t\t\t<\/div>\n\t\t\t\t\t\n\t\t\t\t\t<p class=\"return-to-shop\">\n\t\t\t\t\t\t<a class=\"button\" href=\"https:\/\/www.vugizza.com.tr\/bg\/%d0%bc%d0%b0%d0%b3%d0%b0%d0%b7%d0%b8%d0%bd\/\">\n\t\t\t\t\t\t\t\u041f\u0440\u043e\u0434\u044a\u043b\u0436\u0438 \u043f\u0430\u0437\u0430\u0440\u0443\u0432\u0430\u043d\u0435\u0442\u043e\t\t\t\t\t\t<\/a>\n\t\t\t\t\t<\/p>\n\t\t\t\t\t\t\t<\/div>\n\t\t\t\t<\/div>\n\t\t\n","protected":false},"excerpt":{"rendered":"","protected":false},"author":1,"featured_media":0,"parent":0,"menu_order":0,"comment_status":"closed","ping_status":"closed","template":"","meta":{"footnotes":""},"class_list":["post-267","page","type-page","status-publish","hentry"],"_links":{"self":[{"href":"https:\/\/www.vugizza.com.tr\/bg\/wp-json\/wp\/v2\/pages\/267","targetHints":{"allow":["GET"]}}],"collection":[{"href":"https:\/\/www.vugizza.com.tr\/bg\/wp-json\/wp\/v2\/pages"}],"about":[{"href":"https:\/\/www.vugizza.com.tr\/bg\/wp-json\/wp\/v2\/types\/page"}],"author":[{"embeddable":true,"href":"https:\/\/www.vugizza.com.tr\/bg\/wp-json\/wp\/v2\/users\/1"}],"replies":[{"embeddable":true,"href":"https:\/\/www.vugizza.com.tr\/bg\/wp-json\/wp\/v2\/comments?post=267"}],"version-history":[{"count":2,"href":"https:\/\/www.vugizza.com.tr\/bg\/wp-json\/wp\/v2\/pages\/267\/revisions"}],"predecessor-version":[{"id":17458,"href":"https:\/\/www.vugizza.com.tr\/bg\/wp-json\/wp\/v2\/pages\/267\/revisions\/17458"}],"wp:attachment":[{"href":"https:\/\/www.vugizza.com.tr\/bg\/wp-json\/wp\/v2\/media?parent=267"}],"curies":[{"name":"wp","href":"https:\/\/api.w.org\/{rel}","templated":true}]}}